{"id":7,"date":"2018-02-22T10:29:58","date_gmt":"2018-02-22T08:29:58","guid":{"rendered":"http:\/\/boztaslojistik.com\/?page_id=7"},"modified":"2018-03-08T11:17:19","modified_gmt":"2018-03-08T09:17:19","slug":"hakkimizda","status":"publish","type":"page","link":"https:\/\/boztaslojistik.com\/index.php\/hakkimizda\/","title":{"rendered":"Hakk\u0131m\u0131zda"},"content":{"rendered":"<p>2011 y\u0131l\u0131nda kurulan BOZTA\u015e LOJ\u0130ST\u0130K Nakliyat Yurti\u00e7i ve Yurtd\u0131\u015f\u0131 Ta\u015f\u0131mac\u0131l\u0131k Limited \u015eirketi, k\u0131sa bir zaman i\u00e7erisinde kendini geli\u015ftirmi\u015f, \u00e7a\u011f\u0131n etkin teknoloji ve ileti\u015fim ara\u00e7lar\u0131n\u0131 kullanarak nakliye sekt\u00f6r\u00fcnde yetkin firmalardan biri olmu\u015ftur.Firmam\u0131z\u0131n ta\u015f\u0131ma g\u00fcvencesi olup,her t\u00fcrl\u00fc hasar han\u0131nda ta\u015f\u0131ma sorumlukuk poli\u00e7emiz devreye girmektedir.<\/p>\n<p>Nakliyecilikte ba\u015far\u0131l\u0131 olmak i\u00e7in pek \u00e7ok farkl\u0131 kritere sahip olmak gerekmektedir. Bunlar aras\u0131nda ba\u015fl\u0131calar\u0131; h\u0131zl\u0131l\u0131k, geni\u015f ula\u015f\u0131m a\u011f\u0131, teknik a\u00e7\u0131dan modern teknolojiye uyumluluk gibi pek \u00e7ok \u015fey bulunmaktad\u0131r. Detayl\u0131 bir \u015fekilde bu k\u0131staslara uyumlu olmak, eksiklik ya\u015famamak insanlar\u0131 ba\u015far\u0131ya ula\u015ft\u0131racak en b\u00fcy\u00fck etkenler aras\u0131nda yer alacakt\u0131r. Bu noktada devreye giren <strong>BOZTA\u015e LOJ\u0130ST\u0130K<\/strong>,\u00a0her zaman sizin i\u00e7in modern teknolojiye uyum sa\u011flamakta ve t\u00fcm m\u00fc\u015fteri taleplerini pratik bir bi\u00e7imde yan\u0131tlayarak kesin sonu\u00e7lara ula\u015fmaktad\u0131r. Bu sebeplerden t\u00fcm m\u00fc\u015fterilerimiz <strong>Gaziantep nakliyat firmalar\u0131<\/strong> aras\u0131nda \u00f6nemli bir konumda olan BOZTA\u015e LOJ\u0130ST\u0130K ile \u00e7al\u0131\u015farak memnuniyet duymakta ve ba\u015far\u0131l\u0131 sonu\u00e7lar elde edebilmektedir.<\/p>\n<p>Mallar\u0131n\u0131z\u0131, \u00fcr\u00fcnlerinizi ta\u015f\u0131tmak m\u0131 istiyorsunuz? Her zaman en yeni, do\u011fru ve profesyonel bir firma ile mi \u00e7al\u0131\u015fmak istiyorsunuz? E\u011fer b\u00f6yle bir firma ar\u0131yorsan\u0131z ve Gaziantep nakliyat firmalar\u0131 aras\u0131nda her zaman b\u00fcy\u00fck konumu ile be\u011feni alan, \u015fu ana de\u011fin gerek yurti\u00e7inde gerekse de yurtd\u0131\u015f\u0131nda y\u00fczlerce ki\u015fiye hizmet sa\u011flayan firmam\u0131z ile tan\u0131\u015f\u0131n. Bu konuda firmam\u0131za g\u00fcvenebilirsiniz. Bozta\u015f lojistik devaml\u0131 olarak modern teknolojiyi takip ederek, zaman\u0131nda ve yerinde d\u00fczenlemeleri kullanarak m\u00fc\u015fterilerine en kaliteli nakliye hizmetlerini\u00a0sa\u011flamay\u0131 ama\u00e7 edinmi\u015ftir. M\u00fc\u015fterilerimizin taleplerini h\u0131zl\u0131ca sonu\u00e7land\u0131rmay\u0131, ta\u015f\u0131mac\u0131l\u0131k sekt\u00f6r\u00fcne \u00f6nc\u00fcl\u00fck ederek, hizmetleri en y\u00fcksek kalitede vermek vazge\u00e7ilmez prensiplerimiz aras\u0131ndad\u0131r.<\/p>\n<p>Bu \u015fekilde siz de yurti\u00e7i nakliyat alan\u0131ndan tutunuz da \u015fehirleraras\u0131 nakliyat, konteyner ta\u015f\u0131mac\u0131l\u0131\u011f\u0131, hammadde ta\u015f\u0131mac\u0131l\u0131\u011f\u0131 gibi \u00a0farkl\u0131 ta\u015f\u0131ma y\u00f6ntemlerinde de iyi sonu\u00e7 elde etmek, \u00fcst s\u0131ralar\u0131 takip ederek detaylar\u0131 yakalamak i\u00e7in web sayfam\u0131z\u0131 veya ileti\u015fim bilgilerimizi kullanarak bize ula\u015f\u0131n. Vakti vaktine alaca\u011f\u0131n\u0131z bu kaliteli hizmet sizi ticari ya\u015fam\u0131n\u0131zda ba\u015far\u0131ya s\u00fcr\u00fckleyecektir. Bu a\u00e7\u0131dan hemen siz de\u00a0 <strong>Bozta\u015f lojistik<\/strong>\u2019i tercih ederek yurti\u00e7i ve yurtd\u0131\u015f\u0131 ta\u015f\u0131mac\u0131l\u0131kta en do\u011fru karar\u0131 vermi\u015f olanlar aras\u0131nda yer al\u0131n.<\/p>\n<p>Uzun y\u0131llard\u0131r nakliyat alan\u0131nda \u00f6zverili, profesyonel ve dakik bir bi\u00e7imde \u00e7al\u0131\u015fan <strong>Bozta\u015f lojistik<\/strong> sizin i\u00e7in her zaman daha iyisini ve daha uygununu yerine getirmeyi ama\u00e7lam\u0131\u015ft\u0131r. Bu \u015fekilde y\u00fczlerce farkl\u0131 ki\u015fiye hizmet sa\u011flayan firmam\u0131z daima yenilikleri g\u00f6z \u00f6n\u00fcnde bulundurarak nakliye sekt\u00f6r\u00fcnde dev ad\u0131mlarla ilerlemektedir. Y\u0131llard\u0131r bu alanda gecesini g\u00fcnd\u00fcz\u00fcne katan ki\u015filer ile \u00e7al\u0131\u015fan ve g\u00fcvenilirli\u011fi ile \u00f6n plana \u00e7\u0131kan \u015firketimiz sizin memnuniyetinizi ger\u00e7ekle\u015ftirme ad\u0131na prensiplerinden taviz vermeden, en \u00fcst d\u00fczey ve kaliteli nakliye ve ta\u015f\u0131ma hizmetlerini vermeyi ilke olarak belirlemi\u015ftir.<\/p>\n<p>Gaziantep nakliyat firmalar\u0131 aras\u0131nda \u00f6nemli bir konuma sahip firmam\u0131z herg\u00fcn b\u00fcy\u00fcmekte ve daha da y\u00fckselmekte, sizin de her t\u00fcrl\u00fc makul ve me\u015fru mallar\u0131n\u0131z\u0131, \u00fcr\u00fcnlerinizi ta\u015f\u0131maya haz\u0131r bulunmaktad\u0131r.<\/p>\n<p>Siz de karl\u0131 \u00e7\u0131kmak ve yurti\u00e7i nakliyat ve yurtd\u0131\u015f\u0131 nakliyat hizmetlerinden faydalanmak i\u00e7in hemen ileti\u015fim sayfam\u0131zdan bize ula\u015fabilirsiniz. B\u00f6ylece; firmam\u0131za gelmenize gerek kalmadan da sadece online birka\u00e7 i\u015flem ile hizmetlerimizi tan\u0131yacak ve talep edebileceksiniz. Daha fazla vakit kaybetmeden bizimle irtibat kurarak karl\u0131 \u00e7\u0131k\u0131n.<\/p>\n<p>Gaziantep b\u00f6lgesinde uzun y\u0131llard\u0131r nakliyat hizmetlerini sunan <strong>Bozta\u015f lojistik<\/strong> sadece bu b\u00f6lgeyle s\u0131n\u0131rl\u0131 kalmay\u0131p yurtd\u0131\u015f\u0131 nakliyat hizmetlerinde de bulunmaktad\u0131r. Alan\u0131ndaki b\u00fcy\u00fck konumu ile y\u00fczlerce ki\u015fiye ve firmaya hizmet sa\u011flayan firmam\u0131z sizin i\u00e7in arzu etti\u011finiz ticari kriterlere sahip olan bir olu\u015fumdur. G\u00fcvenilirli\u011fi, uzman teknik kadrosu, profesyonel ekibi ile her zaman m\u00fc\u015fteri taleplerini de\u011ferlendiren ve ekonomik avantajlar sunarak ba\u015far\u0131l\u0131 hizmetler sa\u011flayan firmam\u0131z sizin i\u00e7in her zaman en do\u011fru ve en ba\u015far\u0131l\u0131 uygulamalar\u0131 sunarak, destek olmak \u00fczere \u00e7al\u0131\u015fma sarf etmektedir. B\u00f6ylece mal ve \u00fcr\u00fcnlerinizi k\u0131sa zaman dilimleri i\u00e7erisinde b\u00fcy\u00fck bir h\u0131z ile ta\u015f\u0131tabilirsiniz.<\/p>\n<p>Gaziantep nakliyat firmalar\u0131 aras\u0131nda \u00f6nemli bir yeri olan firmam\u0131z \u00fclkemizin t\u00fcm b\u00f6lgeleri ve yurtd\u0131\u015f\u0131 b\u00f6lgeleri i\u00e7in de \u00fcst d\u00fczey ta\u015f\u0131ma teklifleri ve f\u0131rsatlar sunmaktad\u0131r.<\/p>\n<p>Nakliye firmalar\u0131 mallar\u0131n, \u00fcr\u00fcnlerin ve bunun gibi \u00e7e\u015fitli ta\u015f\u0131nabilir \u015feylerin bir yerden bir yere ta\u015f\u0131nmas\u0131n\u0131 sa\u011flarlar. Belirli bir s\u00fcre ve \u00fccret kar\u015f\u0131l\u0131\u011f\u0131nda yap\u0131lan bu hizmet dikkatli bir \u015fekilde ele al\u0131narak pratik \u00e7\u00f6z\u00fcm bulunmas\u0131 demektir. Bu anlamda g\u00f6rev alan firmalar aras\u0131nda daha d\u00fczg\u00fcn ve daha pratik olanlar\u0131 tercih etmek m\u00fc\u015fteri menfaatleri i\u00e7in \u00f6nemlidir. <strong>Bozta\u015f lojistik<\/strong>; uzun y\u0131llard\u0131r sekt\u00f6rde g\u00f6rev alarak m\u00fc\u015fteri memnuniyeti do\u011frultusunda \u00e7al\u0131\u015fma g\u00f6stermektedir. Bu \u00e7er\u00e7evede; yurti\u00e7i nakliyat hizmetlerinden tutunuz da daha farkl\u0131 uygulamalara kadar genel bir \u00e7er\u00e7evede \u00e7al\u0131\u015fmalar sa\u011flanmaktad\u0131r.<\/p>\n<p>Gaziantep nakliyat firmalar\u0131 aras\u0131nda y\u00fcksek konumu ile olduk\u00e7a tercih edilen firmam\u0131z her t\u00fcrl\u00fc \u00e7al\u0131\u015fmalar\u0131n\u0131 g\u00fc\u00e7l\u00fc bir yap\u0131ya kavu\u015fturarak ta\u015f\u0131ma i\u015flerinize destek olmaktad\u0131r. Bu anlamda siz de \u015fehirleraras\u0131 nakliyeden komple ta\u015f\u0131mac\u0131l\u0131\u011fa, parsiyel ta\u015f\u0131mac\u0131l\u0131ktan daha farkl\u0131 ta\u015f\u0131mac\u0131l\u0131k hizmetlerine kadar, kazan\u00e7l\u0131 kazan\u0131mlar elde etmek i\u00e7in bizimle irtibat kurun. B\u00f6ylece ba\u015far\u0131l\u0131 hizmet alarak g\u00fczel kazan\u0131mlar yakalaman\u0131z m\u00fcmk\u00fcn olacak, uzun y\u0131llar firmam\u0131z ile \u00e7al\u0131\u015farak arzu etti\u011finiz \u015fekilde ba\u015far\u0131lar elde edebileceksiniz.<\/p>\n","protected":false},"excerpt":{"rendered":"<p>2011 y\u0131l\u0131nda kurulan BOZTA\u015e LOJ\u0130ST\u0130K Nakliyat Yurti\u00e7i ve Yurtd\u0131\u015f\u0131 Ta\u015f\u0131mac\u0131l\u0131k Limited \u015eirketi, k\u0131sa bir zaman i\u00e7erisinde kendini geli\u015ftirmi\u015f, \u00e7a\u011f\u0131n etkin teknoloji ve ileti\u015fim ara\u00e7lar\u0131n\u0131 kullanarak nakliye sekt\u00f6r\u00fcnde yetkin firmalardan biri olmu\u015ftur.Firmam\u0131z\u0131n ta\u015f\u0131ma g\u00fcvencesi olup,her t\u00fcrl\u00fc hasar han\u0131nda ta\u015f\u0131ma sorumlukuk poli\u00e7emiz devreye girmektedir. Nakliyecilikte ba\u015far\u0131l\u0131 olmak i\u00e7in pek \u00e7ok farkl\u0131 kritere sahip olmak gerekmektedir. Bunlar aras\u0131nda [&hellip;]<\/p>\n","protected":false},"author":1,"featured_media":0,"parent":0,"menu_order":0,"comment_status":"closed","ping_status":"closed","template":"","meta":{"footnotes":""},"_links":{"self":[{"href":"https:\/\/boztaslojistik.com\/index.php\/wp-json\/wp\/v2\/pages\/7"}],"collection":[{"href":"https:\/\/boztaslojistik.com\/index.php\/wp-json\/wp\/v2\/pages"}],"about":[{"href":"https:\/\/boztaslojistik.com\/index.php\/wp-json\/wp\/v2\/types\/page"}],"author":[{"embeddable":true,"href":"https:\/\/boztaslojistik.com\/index.php\/wp-json\/wp\/v2\/users\/1"}],"replies":[{"embeddable":true,"href":"https:\/\/boztaslojistik.com\/index.php\/wp-json\/wp\/v2\/comments?post=7"}],"version-history":[{"count":3,"href":"https:\/\/boztaslojistik.com\/index.php\/wp-json\/wp\/v2\/pages\/7\/revisions"}],"predecessor-version":[{"id":82,"href":"https:\/\/boztaslojistik.com\/index.php\/wp-json\/wp\/v2\/pages\/7\/revisions\/82"}],"wp:attachment":[{"href":"https:\/\/boztaslojistik.com\/index.php\/wp-json\/wp\/v2\/media?parent=7"}],"curies":[{"name":"wp","href":"https:\/\/api.w.org\/{rel}","templated":true}]}}